{"id":176,"date":"2026-03-13T23:49:46","date_gmt":"2026-03-13T22:49:46","guid":{"rendered":"https:\/\/wyprawa-pawelki.pl\/?page_id=176"},"modified":"2026-03-15T07:12:42","modified_gmt":"2026-03-15T06:12:42","slug":"pawelki-przygoda-ktora-laczy-pokolenia","status":"publish","type":"page","link":"https:\/\/wyprawa-pawelki.pl\/?page_id=176","title":{"rendered":"Pawe\u0142ki &#8211; przygoda, kt\u00f3ra \u0142\u0105czy pokolenia"},"content":{"rendered":"\n<p>Czy w nieca\u0142y tydzie\u0144 mo\u017cna zbudowa\u0107 katapult\u0119, pozna\u0107 kod Morse&#8217;a i prze\u017cy\u0107 kontrolowan\u0105 eksplozj\u0119? Czy da si\u0119 w kilka dni przenie\u015b\u0107 w czasie i wcieli\u0107 w rycerzy, pilot\u00f3w Dywizjonu 303 albo konstruktor\u00f3w \u0142azik\u00f3w marsja\u0144skich? Odpowied\u017a brzmi: tak! I to w najlepszym towarzystwie, bo czy mo\u017ce by\u0107 co\u015b bardziej warto\u015bciowego ni\u017c wsp\u00f3lne sp\u0119dzanie czasu ojca z synem?<br>Od 2014 roku, ka\u017cdego lata, ojcowie wraz z synami w wieku 5-13 lat wyruszaj\u0105 na wyj\u0105tkow\u0105 wypraw\u0119 do Pawe\u0142ek (powiat lubliniecki), organizowan\u0105 przez Stowarzyszenie Rodzice dla W\u0119gielka. To nie tylko wakacyjna przygoda, ale przede wszystkim czas budowania relacji, wsp\u00f3lnego dzia\u0142ania i przekazywania warto\u015bci.<\/p>\n\n\n\n<figure class=\"wp-block-image size-large\"><img fetchpriority=\"high\" decoding=\"async\" width=\"1024\" height=\"724\" src=\"https:\/\/wyprawa-pawelki.pl\/wp-content\/uploads\/2026\/03\/Bez-tytulu-1024x724.png\" alt=\"\" class=\"wp-image-189\" srcset=\"https:\/\/wyprawa-pawelki.pl\/wp-content\/uploads\/2026\/03\/Bez-tytulu-1024x724.png 1024w, https:\/\/wyprawa-pawelki.pl\/wp-content\/uploads\/2026\/03\/Bez-tytulu-300x212.png 300w, https:\/\/wyprawa-pawelki.pl\/wp-content\/uploads\/2026\/03\/Bez-tytulu-768x543.png 768w, https:\/\/wyprawa-pawelki.pl\/wp-content\/uploads\/2026\/03\/Bez-tytulu-1536x1086.png 1536w, https:\/\/wyprawa-pawelki.pl\/wp-content\/uploads\/2026\/03\/Bez-tytulu-2048x1448.png 2048w\" sizes=\"(max-width: 1024px) 100vw, 1024px\" \/><\/figure>\n\n\n\n<p class=\"is-style-text-subtitle is-style-text-subtitle--1\"><strong><em>Wsp\u00f3lna misja.<\/em><\/strong><\/p>\n\n\n\n<p>Ka\u017cda wyprawa to nowa, porywaj\u0105ca historia, maj\u0105ca niepowtarzalny motyw przewodni.<br>Powstanie Warszawskie, stulecie odzyskania niepodleg\u0142o\u015bci, przygody Tomka Wilimowskiego, rycerstwo, kosmos czy Dywizjon 303 to tylko niekt\u00f3re z nich.<br>Ch\u0142opcy wcielaj\u0105 si\u0119 w role historyczne, tworz\u0105 bataliony, szyj\u0105 fura\u017cerki, konstruuj\u0105 miecze, tarcze, \u0142uki, bumerangi, lunety, a nawet kolczugi z drucianych k\u00f3\u0142ek.<br>Zaj\u0119cia techniczne obejmuj\u0105 konstruowanie pistolet\u00f3w strzelaj\u0105cych gumkami, karabin\u00f3w, \u0142azik\u00f3w marsja\u0144skich, katapult i rakiet wodnych czy szyfrowanie wiadomo\u015bci kodem Morse&#8217;a. Wsp\u00f3lne majsterkowanie z ojcem to nie tylko zabawa, ale tez nauka wsp\u00f3\u0142pracy i cierpliwo\u015bci.<br>Podczas wsp\u00f3lnych wyjazd\u00f3w naprawd\u0119 du\u017co si\u0119 dzieje. Czym by\u0142aby m\u0119ska przygoda bez odrobiny huku i dymu? Sta\u0142ym punktem programu s\u0105 zaj\u0119cia chemiczno-pirotechniczne: produkcja acetylenu, nape\u0142nianie balon\u00f3w i ich spektakularne eksplozje nad ogniem oraz budowa rac i rakiet. Ch\u0142opcy poznaj\u0105 w\u0142a\u015bciwo\u015bci helu, ucz\u0105 si\u0119 zasad obchodzenia si\u0119 z broni\u0105 i strzelaj\u0105 z replik ASG. Nie brakuje tez wojskowych racji \u017cywno\u015bciowych prawdziwych przysmak\u00f3w<br>w stylu \u201edu\u017cej eski&#8221;<\/p>\n\n\n\n<figure class=\"wp-block-image size-large\"><img decoding=\"async\" width=\"683\" height=\"1024\" src=\"https:\/\/wyprawa-pawelki.pl\/wp-content\/uploads\/2026\/03\/20250929_203053-COLLAGE-683x1024.jpg\" alt=\"\" class=\"wp-image-190\" srcset=\"https:\/\/wyprawa-pawelki.pl\/wp-content\/uploads\/2026\/03\/20250929_203053-COLLAGE-683x1024.jpg 683w, https:\/\/wyprawa-pawelki.pl\/wp-content\/uploads\/2026\/03\/20250929_203053-COLLAGE-200x300.jpg 200w, https:\/\/wyprawa-pawelki.pl\/wp-content\/uploads\/2026\/03\/20250929_203053-COLLAGE-768x1152.jpg 768w, https:\/\/wyprawa-pawelki.pl\/wp-content\/uploads\/2026\/03\/20250929_203053-COLLAGE-1024x1536.jpg 1024w, https:\/\/wyprawa-pawelki.pl\/wp-content\/uploads\/2026\/03\/20250929_203053-COLLAGE-1366x2048.jpg 1366w, https:\/\/wyprawa-pawelki.pl\/wp-content\/uploads\/2026\/03\/20250929_203053-COLLAGE-scaled.jpg 1707w\" sizes=\"(max-width: 683px) 100vw, 683px\" \/><\/figure>\n\n\n\n<p class=\"is-style-text-subtitle is-style-text-subtitle--2\"><strong><em>Warto\u015bciowy czas.<\/em><\/strong><\/p>\n\n\n\n<p>Letnia Wyprawa Ojc\u00f3w z Synami to r\u00f3wnie\u017c du\u017co aktywno\u015bci fizycznej &#8211; pi\u0142ka no\u017cna, siatk\u00f3wka, koszyk\u00f3wka, gry terenowe, piesze i rowerowe wyprawy po okolicznych lasach. Wieczory ko\u0144cz\u0105 si\u0119 wsp\u00f3lnym r\u00f3\u017ca\u0144cem przy ognisku, rozmowami i \u015bmiechem. Zm\u0119czeni, ale szcz\u0119\u015bliwi ch\u0142opcy zasypiaj\u0105 z poczuciem spe\u0142nienia. Wsp\u00f3lne aktywno\u015bci pog\u0142\u0119biaj\u0105 wi\u0119zi rodzinne i buduj\u0105 jako\u015bciowe relacje, kt\u00f3re zaprocentuj\u0105 w przysz\u0142o\u015bci.<\/p>\n\n\n\n<figure class=\"wp-block-image size-large\"><img decoding=\"async\" width=\"1024\" height=\"724\" src=\"https:\/\/wyprawa-pawelki.pl\/wp-content\/uploads\/2026\/03\/KOLAZ-P17b-1024x724.jpg\" alt=\"\" class=\"wp-image-192\" srcset=\"https:\/\/wyprawa-pawelki.pl\/wp-content\/uploads\/2026\/03\/KOLAZ-P17b-1024x724.jpg 1024w, https:\/\/wyprawa-pawelki.pl\/wp-content\/uploads\/2026\/03\/KOLAZ-P17b-300x212.jpg 300w, https:\/\/wyprawa-pawelki.pl\/wp-content\/uploads\/2026\/03\/KOLAZ-P17b-768x543.jpg 768w, https:\/\/wyprawa-pawelki.pl\/wp-content\/uploads\/2026\/03\/KOLAZ-P17b-1536x1086.jpg 1536w, https:\/\/wyprawa-pawelki.pl\/wp-content\/uploads\/2026\/03\/KOLAZ-P17b-2048x1448.jpg 2048w\" sizes=\"(max-width: 1024px) 100vw, 1024px\" \/><\/figure>\n\n\n\n<p class=\"is-style-text-subtitle is-style-text-subtitle--3\"><strong><em>Fundament na ca\u0142e \u017cycie.<\/em><\/strong><\/p>\n\n\n\n<p>Wyprawa to nie tylko wysi\u0142ek fizyczny, ale i duchowy: Codzienna Msza \u015awi\u0119ta pod go\u0142ym niebem i rozmowy przy ognisku buduj\u0105 atmosfer\u0119 zaufania i otwarto\u015bci.<br>Ojcowie uczestnicz\u0105 w wyk\u0142adach na temat wychowania, ma\u0142\u017ce\u0144stwa, rodziny, etyki w biznesie oraz historycznych, a ch\u0142opcy w kr\u00f3tkich pogadankach o przyja\u017ani, szczero\u015bci, wytrwa\u0142o\u015bci i pracowito\u015bci. To czas refleksji, wzmacniania wi\u0119zi i wsp\u00f3lnego wzrastania.<br>Mimo, \u017ce to typowo m\u0119ski wyjazd uczestnicy nie zapominaj\u0105 o mamach, kt\u00f3re maj\u0105 wtedy czas dla siebie. To \u015bwietna okazja, aby chwil\u0119 odpocz\u0105\u0107 i zat\u0119skni\u0107 za sob\u0105 nawzajem.<br>Pawe\u0142ki to niesamowita inicjatywa. Z jednej strony to \u015bwietna wakacyjna atrakcja, a z drugiej projekt, kt\u00f3ry \u0142\u0105czy pokolenia, wzmacnia wi\u0119zi rodzinne, uczy wsp\u00f3\u0142pracy, odpowiedzialno\u015bci i patriotyzmu. Wsp\u00f3lne prze\u017cycia, wyzwania i zabawa tworz\u0105 wspomnienia na ca\u0142e \u017cycie.<\/p>\n","protected":false},"excerpt":{"rendered":"<p>Czy w nieca\u0142y tydzie\u0144 mo\u017cna zbudowa\u0107 katapult\u0119, pozna\u0107 kod Morse&#8217;a i prze\u017cy\u0107 kontrolowan\u0105 eksplozj\u0119? Czy da si\u0119 w kilka dni przenie\u015b\u0107 w czasie i wcieli\u0107 w rycerzy, pilot\u00f3w Dywizjonu 303 albo konstruktor\u00f3w \u0142azik\u00f3w marsja\u0144skich? Odpowied\u017a brzmi: tak! I to w najlepszym towarzystwie, bo czy mo\u017ce by\u0107 co\u015b bardziej warto\u015bciowego ni\u017c wsp\u00f3lne sp\u0119dzanie czasu ojca z [&hellip;]<\/p>\n","protected":false},"author":1,"featured_media":0,"parent":0,"menu_order":0,"comment_status":"closed","ping_status":"closed","template":"","meta":{"footnotes":""},"class_list":["post-176","page","type-page","status-publish","hentry"],"yoast_head":"<!-- This site is optimized with the Yoast SEO plugin v27.1.1 - https:\/\/yoast.com\/product\/yoast-seo-wordpress\/ -->\n<title>Pawe\u0142ki - przygoda, kt\u00f3ra \u0142\u0105czy pokolenia - Letnia Wyprawa Ojc\u00f3w i Syn\u00f3w Polski Po\u0142udniowej Pawe\u0142ki 2026<\/title>\n<meta name=\"robots\" content=\"index, follow, max-snippet:-1, max-image-preview:large, max-video-preview:-1\" \/>\n<link rel=\"canonical\" href=\"https:\/\/wyprawa-pawelki.pl\/?page_id=176\" \/>\n<meta property=\"og:locale\" content=\"pl_PL\" \/>\n<meta property=\"og:type\" content=\"article\" \/>\n<meta property=\"og:title\" content=\"Pawe\u0142ki - przygoda, kt\u00f3ra \u0142\u0105czy pokolenia - Letnia Wyprawa Ojc\u00f3w i Syn\u00f3w Polski Po\u0142udniowej Pawe\u0142ki 2026\" \/>\n<meta property=\"og:description\" content=\"Czy w nieca\u0142y tydzie\u0144 mo\u017cna zbudowa\u0107 katapult\u0119, pozna\u0107 kod Morse&#8217;a i prze\u017cy\u0107 kontrolowan\u0105 eksplozj\u0119? Czy da si\u0119 w kilka dni przenie\u015b\u0107 w czasie i wcieli\u0107 w rycerzy, pilot\u00f3w Dywizjonu 303 albo konstruktor\u00f3w \u0142azik\u00f3w marsja\u0144skich? Odpowied\u017a brzmi: tak! I to w najlepszym towarzystwie, bo czy mo\u017ce by\u0107 co\u015b bardziej warto\u015bciowego ni\u017c wsp\u00f3lne sp\u0119dzanie czasu ojca z [&hellip;]\" \/>\n<meta property=\"og:url\" content=\"https:\/\/wyprawa-pawelki.pl\/?page_id=176\" \/>\n<meta property=\"og:site_name\" content=\"Letnia Wyprawa Ojc\u00f3w i Syn\u00f3w Polski Po\u0142udniowej Pawe\u0142ki 2026\" \/>\n<meta property=\"article:modified_time\" content=\"2026-03-15T06:12:42+00:00\" \/>\n<meta property=\"og:image\" content=\"https:\/\/wyprawa-pawelki.pl\/wp-content\/uploads\/2026\/03\/Bez-tytulu-1024x724.png\" \/>\n\t<meta property=\"og:image:width\" content=\"1024\" \/>\n\t<meta property=\"og:image:height\" content=\"724\" \/>\n\t<meta property=\"og:image:type\" content=\"image\/png\" \/>\n<meta name=\"twitter:card\" content=\"summary_large_image\" \/>\n<meta name=\"twitter:label1\" content=\"Szacowany czas czytania\" \/>\n\t<meta name=\"twitter:data1\" content=\"4 minuty\" \/>\n<script type=\"application\/ld+json\" class=\"yoast-schema-graph\">{\"@context\":\"https:\/\/schema.org\",\"@graph\":[{\"@type\":\"WebPage\",\"@id\":\"https:\/\/wyprawa-pawelki.pl\/?page_id=176\",\"url\":\"https:\/\/wyprawa-pawelki.pl\/?page_id=176\",\"name\":\"Pawe\u0142ki - przygoda, kt\u00f3ra \u0142\u0105czy pokolenia - Letnia Wyprawa Ojc\u00f3w i Syn\u00f3w Polski Po\u0142udniowej Pawe\u0142ki 2026\",\"isPartOf\":{\"@id\":\"https:\/\/wyprawa-pawelki.pl\/#website\"},\"primaryImageOfPage\":{\"@id\":\"https:\/\/wyprawa-pawelki.pl\/?page_id=176#primaryimage\"},\"image\":{\"@id\":\"https:\/\/wyprawa-pawelki.pl\/?page_id=176#primaryimage\"},\"thumbnailUrl\":\"https:\/\/wyprawa-pawelki.pl\/wp-content\/uploads\/2026\/03\/Bez-tytulu-1024x724.png\",\"datePublished\":\"2026-03-13T22:49:46+00:00\",\"dateModified\":\"2026-03-15T06:12:42+00:00\",\"breadcrumb\":{\"@id\":\"https:\/\/wyprawa-pawelki.pl\/?page_id=176#breadcrumb\"},\"inLanguage\":\"pl-PL\",\"potentialAction\":[{\"@type\":\"ReadAction\",\"target\":[\"https:\/\/wyprawa-pawelki.pl\/?page_id=176\"]}]},{\"@type\":\"ImageObject\",\"inLanguage\":\"pl-PL\",\"@id\":\"https:\/\/wyprawa-pawelki.pl\/?page_id=176#primaryimage\",\"url\":\"https:\/\/wyprawa-pawelki.pl\/wp-content\/uploads\/2026\/03\/Bez-tytulu-scaled.png\",\"contentUrl\":\"https:\/\/wyprawa-pawelki.pl\/wp-content\/uploads\/2026\/03\/Bez-tytulu-scaled.png\",\"width\":2560,\"height\":1810},{\"@type\":\"BreadcrumbList\",\"@id\":\"https:\/\/wyprawa-pawelki.pl\/?page_id=176#breadcrumb\",\"itemListElement\":[{\"@type\":\"ListItem\",\"position\":1,\"name\":\"Home\",\"item\":\"https:\/\/wyprawa-pawelki.pl\/\"},{\"@type\":\"ListItem\",\"position\":2,\"name\":\"Pawe\u0142ki &#8211; przygoda, kt\u00f3ra \u0142\u0105czy pokolenia\"}]},{\"@type\":\"WebSite\",\"@id\":\"https:\/\/wyprawa-pawelki.pl\/#website\",\"url\":\"https:\/\/wyprawa-pawelki.pl\/\",\"name\":\"Letnia Wyprawa Ojc\u00f3w i Syn\u00f3w Polski Po\u0142udniowej Pawe\u0142ki 2026\",\"description\":\"Pawe\u0142ki 2026\",\"potentialAction\":[{\"@type\":\"SearchAction\",\"target\":{\"@type\":\"EntryPoint\",\"urlTemplate\":\"https:\/\/wyprawa-pawelki.pl\/?s={search_term_string}\"},\"query-input\":{\"@type\":\"PropertyValueSpecification\",\"valueRequired\":true,\"valueName\":\"search_term_string\"}}],\"inLanguage\":\"pl-PL\"}]}<\/script>\n<!-- \/ Yoast SEO plugin. -->","yoast_head_json":{"title":"Pawe\u0142ki - przygoda, kt\u00f3ra \u0142\u0105czy pokolenia - Letnia Wyprawa Ojc\u00f3w i Syn\u00f3w Polski Po\u0142udniowej Pawe\u0142ki 2026","robots":{"index":"index","follow":"follow","max-snippet":"max-snippet:-1","max-image-preview":"max-image-preview:large","max-video-preview":"max-video-preview:-1"},"canonical":"https:\/\/wyprawa-pawelki.pl\/?page_id=176","og_locale":"pl_PL","og_type":"article","og_title":"Pawe\u0142ki - przygoda, kt\u00f3ra \u0142\u0105czy pokolenia - Letnia Wyprawa Ojc\u00f3w i Syn\u00f3w Polski Po\u0142udniowej Pawe\u0142ki 2026","og_description":"Czy w nieca\u0142y tydzie\u0144 mo\u017cna zbudowa\u0107 katapult\u0119, pozna\u0107 kod Morse&#8217;a i prze\u017cy\u0107 kontrolowan\u0105 eksplozj\u0119? Czy da si\u0119 w kilka dni przenie\u015b\u0107 w czasie i wcieli\u0107 w rycerzy, pilot\u00f3w Dywizjonu 303 albo konstruktor\u00f3w \u0142azik\u00f3w marsja\u0144skich? Odpowied\u017a brzmi: tak! I to w najlepszym towarzystwie, bo czy mo\u017ce by\u0107 co\u015b bardziej warto\u015bciowego ni\u017c wsp\u00f3lne sp\u0119dzanie czasu ojca z [&hellip;]","og_url":"https:\/\/wyprawa-pawelki.pl\/?page_id=176","og_site_name":"Letnia Wyprawa Ojc\u00f3w i Syn\u00f3w Polski Po\u0142udniowej Pawe\u0142ki 2026","article_modified_time":"2026-03-15T06:12:42+00:00","og_image":[{"width":1024,"height":724,"url":"https:\/\/wyprawa-pawelki.pl\/wp-content\/uploads\/2026\/03\/Bez-tytulu-1024x724.png","type":"image\/png"}],"twitter_card":"summary_large_image","twitter_misc":{"Szacowany czas czytania":"4 minuty"},"schema":{"@context":"https:\/\/schema.org","@graph":[{"@type":"WebPage","@id":"https:\/\/wyprawa-pawelki.pl\/?page_id=176","url":"https:\/\/wyprawa-pawelki.pl\/?page_id=176","name":"Pawe\u0142ki - przygoda, kt\u00f3ra \u0142\u0105czy pokolenia - Letnia Wyprawa Ojc\u00f3w i Syn\u00f3w Polski Po\u0142udniowej Pawe\u0142ki 2026","isPartOf":{"@id":"https:\/\/wyprawa-pawelki.pl\/#website"},"primaryImageOfPage":{"@id":"https:\/\/wyprawa-pawelki.pl\/?page_id=176#primaryimage"},"image":{"@id":"https:\/\/wyprawa-pawelki.pl\/?page_id=176#primaryimage"},"thumbnailUrl":"https:\/\/wyprawa-pawelki.pl\/wp-content\/uploads\/2026\/03\/Bez-tytulu-1024x724.png","datePublished":"2026-03-13T22:49:46+00:00","dateModified":"2026-03-15T06:12:42+00:00","breadcrumb":{"@id":"https:\/\/wyprawa-pawelki.pl\/?page_id=176#breadcrumb"},"inLanguage":"pl-PL","potentialAction":[{"@type":"ReadAction","target":["https:\/\/wyprawa-pawelki.pl\/?page_id=176"]}]},{"@type":"ImageObject","inLanguage":"pl-PL","@id":"https:\/\/wyprawa-pawelki.pl\/?page_id=176#primaryimage","url":"https:\/\/wyprawa-pawelki.pl\/wp-content\/uploads\/2026\/03\/Bez-tytulu-scaled.png","contentUrl":"https:\/\/wyprawa-pawelki.pl\/wp-content\/uploads\/2026\/03\/Bez-tytulu-scaled.png","width":2560,"height":1810},{"@type":"BreadcrumbList","@id":"https:\/\/wyprawa-pawelki.pl\/?page_id=176#breadcrumb","itemListElement":[{"@type":"ListItem","position":1,"name":"Home","item":"https:\/\/wyprawa-pawelki.pl\/"},{"@type":"ListItem","position":2,"name":"Pawe\u0142ki &#8211; przygoda, kt\u00f3ra \u0142\u0105czy pokolenia"}]},{"@type":"WebSite","@id":"https:\/\/wyprawa-pawelki.pl\/#website","url":"https:\/\/wyprawa-pawelki.pl\/","name":"Letnia Wyprawa Ojc\u00f3w i Syn\u00f3w Polski Po\u0142udniowej Pawe\u0142ki 2026","description":"Pawe\u0142ki 2026","potentialAction":[{"@type":"SearchAction","target":{"@type":"EntryPoint","urlTemplate":"https:\/\/wyprawa-pawelki.pl\/?s={search_term_string}"},"query-input":{"@type":"PropertyValueSpecification","valueRequired":true,"valueName":"search_term_string"}}],"inLanguage":"pl-PL"}]}},"_links":{"self":[{"href":"https:\/\/wyprawa-pawelki.pl\/index.php?rest_route=\/wp\/v2\/pages\/176","targetHints":{"allow":["GET"]}}],"collection":[{"href":"https:\/\/wyprawa-pawelki.pl\/index.php?rest_route=\/wp\/v2\/pages"}],"about":[{"href":"https:\/\/wyprawa-pawelki.pl\/index.php?rest_route=\/wp\/v2\/types\/page"}],"author":[{"embeddable":true,"href":"https:\/\/wyprawa-pawelki.pl\/index.php?rest_route=\/wp\/v2\/users\/1"}],"replies":[{"embeddable":true,"href":"https:\/\/wyprawa-pawelki.pl\/index.php?rest_route=%2Fwp%2Fv2%2Fcomments&post=176"}],"version-history":[{"count":15,"href":"https:\/\/wyprawa-pawelki.pl\/index.php?rest_route=\/wp\/v2\/pages\/176\/revisions"}],"predecessor-version":[{"id":294,"href":"https:\/\/wyprawa-pawelki.pl\/index.php?rest_route=\/wp\/v2\/pages\/176\/revisions\/294"}],"wp:attachment":[{"href":"https:\/\/wyprawa-pawelki.pl\/index.php?rest_route=%2Fwp%2Fv2%2Fmedia&parent=176"}],"curies":[{"name":"wp","href":"https:\/\/api.w.org\/{rel}","templated":true}]}}