{"id":53,"date":"2026-03-13T14:15:55","date_gmt":"2026-03-13T13:15:55","guid":{"rendered":"https:\/\/wyprawa-pawelki.pl\/?page_id=53"},"modified":"2026-03-14T20:47:47","modified_gmt":"2026-03-14T19:47:47","slug":"koszty","status":"publish","type":"page","link":"https:\/\/wyprawa-pawelki.pl\/?page_id=53","title":{"rendered":"Koszt wyprawy"},"content":{"rendered":"\n<figure class=\"wp-block-image aligncenter size-full is-resized\"><img fetchpriority=\"high\" decoding=\"async\" width=\"1024\" height=\"1024\" src=\"https:\/\/wyprawa-pawelki.pl\/wp-content\/uploads\/2026\/03\/IMG_4103.png\" alt=\"\" class=\"wp-image-198\" style=\"width:500px\" srcset=\"https:\/\/wyprawa-pawelki.pl\/wp-content\/uploads\/2026\/03\/IMG_4103.png 1024w, https:\/\/wyprawa-pawelki.pl\/wp-content\/uploads\/2026\/03\/IMG_4103-300x300.png 300w, https:\/\/wyprawa-pawelki.pl\/wp-content\/uploads\/2026\/03\/IMG_4103-150x150.png 150w, https:\/\/wyprawa-pawelki.pl\/wp-content\/uploads\/2026\/03\/IMG_4103-768x768.png 768w\" sizes=\"(max-width: 1024px) 100vw, 1024px\" \/><\/figure>\n\n\n\n<p>Cena obejmuje trzy noclegi, pe\u0142ne wy\u017cywienie (od kolacji w czwartek do \u015bniadania w niedziel\u0119 oraz kawa, herbata,<br>woda, owoce \u2013 24H) i koszt ekwipunku dla ka\u017cdego uczestnika wyprawy (materia\u0142y na warsztaty).<\/p>\n\n\n\n<p>Ka\u017cdy z uczestnik\u00f3w (tata i syn\/synowie) otrzyma koszulk\u0119 z logo wyprawy.<\/p>\n\n\n\n<p>\ud83d\udcb0CENA WYPRAWY:<\/p>\n\n\n\n<ul class=\"wp-block-list\">\n<li>\ud83c\udfe0 ojciec i syn <strong>640 z\u0142<\/strong> za osob\u0119 z noclegiem w pokoju <strong>(1280 z\u0142<\/strong> ca\u0142o\u015b\u0107)<\/li>\n\n\n\n<li>\ud83c\udfe0 ojciec i dw\u00f3ch syn\u00f3w <strong>620 z\u0142<\/strong> za osob\u0119 z noclegiem w pokoju (<strong>1860 z\u0142<\/strong> ca\u0142o\u015b\u0107)<\/li>\n\n\n\n<li>\ud83c\udfe0 ojciec i trzech syn\u00f3w <strong>580 z\u0142<\/strong> za osob\u0119 z noclegiem w pokoju (<strong>2320 z\u0142<\/strong> ca\u0142o\u015b\u0107)<\/li>\n\n\n\n<li>\u26fa ojciec i syn <strong>600 z\u0142<\/strong> za osob\u0119 z noclegiem w namiocie (<strong>1200 z\u0142<\/strong> ca\u0142o\u015b\u0107)<\/li>\n\n\n\n<li>\u26fa ojciec i dw\u00f3ch syn\u00f3w <strong>580 z\u0142<\/strong> za osob\u0119 z noclegiem w namiocie (<strong>1740 z\u0142<\/strong> ca\u0142o\u015b\u0107)<\/li>\n\n\n\n<li>\u26faojciec i trzech syn\u00f3w <strong>560 z\u0142<\/strong> za osob\u0119 z noclegiem w namiocie (<strong>2240 z\u0142<\/strong> ca\u0142o\u015b\u0107)<\/li>\n<\/ul>\n\n\n\n<p>\ud83c\udfd5\ufe0fDo dyspozycji mamy ca\u0142e Schronisko i zamkni\u0119ty teren wok\u00f3\u0142: 50 miejsc w pokojach 2, 3 i 4 os., do zaj\u0119cia kt\u00f3rych jeste\u015bmy zobligowani w pierwszej kolejno\u015bci oraz mo\u017cliwo\u015b\u0107 rozbicia ok. 20 namiot\u00f3w.<\/p>\n\n\n\n<p>\ud83d\udcc5 Termin zg\u0142oszenia udzia\u0142u w Wyprawie up\u0142ywa<br>30 kwietnia 2026 lub do wyczerpania miejsc.<\/p>\n\n\n\n<p class=\"has-text-align-left has-accent-6-background-color has-background\">\ud83c\udfe6 Op\u0142aty nale\u017cy dokonywa\u0107 na konto Stowarzyszenia RdW<br><br>koniecznie z dopiskiem: \u201ePawe\u0142ki 2026\u201d<br><br><strong><mark style=\"background-color:color-mix(in srgb, currentColor 20%, transparent)\" class=\"has-inline-color\">w terminie do 1 lipca 2026<\/mark><\/strong><br><br>Stowarzyszenie \u201eRodzice dla W\u0118GIELKA\u201d<br>ul. Ko\u0142odzieja 89A,<br>40-749 Katowice<br>Nr konta: <br><strong><em>98114020040000390276480750<\/em><\/strong><br><br>Istnieje mo\u017cliwo\u015b\u0107 wniesienia op\u0142aty w 2-3 r\u00f3wnych ratach z wp\u0142at\u0105 ostatniej raty do 7.08.2026<\/p>\n\n\n\n<p>Dzi\u0119kuj\u0105c wszystkim za pomoc okazan\u0105 w ubieg\u0142ych latach. Zwracamy si\u0119 z pro\u015bb\u0105 o wsparcie &#8222;Funduszu Wyprawy&#8221;, przelewaj\u0105c kwot\u0119 wi\u0119ksz\u0105 od ceny Wyprawy<br>(np. o 20, 50 czy 100 z\u0142). Fundusz w ca\u0142o\u015bci b\u0119dzie przeznaczony<br>na dofinansowanie rodzin, kt\u00f3re zg\u0142osz\u0105 tak\u0105 potrzeb\u0119.<\/p>\n\n\n\n<p>Z g\u00f3ry serdecznie dzi\u0119kujemy ! \ud83e\udef6<\/p>\n","protected":false},"excerpt":{"rendered":"<p>Cena obejmuje trzy noclegi, pe\u0142ne wy\u017cywienie (od kolacji w czwartek do \u015bniadania w niedziel\u0119 oraz kawa, herbata,woda, owoce \u2013 24H) i koszt ekwipunku dla ka\u017cdego uczestnika wyprawy (materia\u0142y na warsztaty). Ka\u017cdy z uczestnik\u00f3w (tata i syn\/synowie) otrzyma koszulk\u0119 z logo wyprawy. \ud83d\udcb0CENA WYPRAWY: \ud83c\udfd5\ufe0fDo dyspozycji mamy ca\u0142e Schronisko i zamkni\u0119ty teren wok\u00f3\u0142: 50 miejsc w [&hellip;]<\/p>\n","protected":false},"author":1,"featured_media":0,"parent":0,"menu_order":0,"comment_status":"closed","ping_status":"closed","template":"","meta":{"footnotes":""},"class_list":["post-53","page","type-page","status-publish","hentry"],"yoast_head":"<!-- This site is optimized with the Yoast SEO plugin v27.1.1 - https:\/\/yoast.com\/product\/yoast-seo-wordpress\/ -->\n<title>Koszt wyprawy - Letnia Wyprawa Ojc\u00f3w i Syn\u00f3w Polski Po\u0142udniowej Pawe\u0142ki 2026<\/title>\n<meta name=\"description\" content=\"Koszty wyjazdu na Letnia Wypraw\u0119 Ojc\u00f3w i Syn\u00f3w Polski Po\u0142udniowej\" \/>\n<meta name=\"robots\" content=\"index, follow, max-snippet:-1, max-image-preview:large, max-video-preview:-1\" \/>\n<link rel=\"canonical\" href=\"https:\/\/wyprawa-pawelki.pl\/?page_id=53\" \/>\n<meta property=\"og:locale\" content=\"pl_PL\" \/>\n<meta property=\"og:type\" content=\"article\" \/>\n<meta property=\"og:title\" content=\"Koszt wyprawy - Letnia Wyprawa Ojc\u00f3w i Syn\u00f3w Polski Po\u0142udniowej Pawe\u0142ki 2026\" \/>\n<meta property=\"og:description\" content=\"Koszty wyjazdu na Letnia Wypraw\u0119 Ojc\u00f3w i Syn\u00f3w Polski Po\u0142udniowej\" \/>\n<meta property=\"og:url\" content=\"https:\/\/wyprawa-pawelki.pl\/?page_id=53\" \/>\n<meta property=\"og:site_name\" content=\"Letnia Wyprawa Ojc\u00f3w i Syn\u00f3w Polski Po\u0142udniowej Pawe\u0142ki 2026\" \/>\n<meta property=\"article:modified_time\" content=\"2026-03-14T19:47:47+00:00\" \/>\n<meta property=\"og:image\" content=\"https:\/\/wyprawa-pawelki.pl\/wp-content\/uploads\/2026\/03\/IMG_4103.png\" \/>\n\t<meta property=\"og:image:width\" content=\"1024\" \/>\n\t<meta property=\"og:image:height\" content=\"1024\" \/>\n\t<meta property=\"og:image:type\" content=\"image\/png\" \/>\n<meta name=\"twitter:card\" content=\"summary_large_image\" \/>\n<meta name=\"twitter:label1\" content=\"Szacowany czas czytania\" \/>\n\t<meta name=\"twitter:data1\" content=\"2 minuty\" \/>\n<script type=\"application\/ld+json\" class=\"yoast-schema-graph\">{\"@context\":\"https:\/\/schema.org\",\"@graph\":[{\"@type\":\"WebPage\",\"@id\":\"https:\/\/wyprawa-pawelki.pl\/?page_id=53\",\"url\":\"https:\/\/wyprawa-pawelki.pl\/?page_id=53\",\"name\":\"Koszt wyprawy - Letnia Wyprawa Ojc\u00f3w i Syn\u00f3w Polski Po\u0142udniowej Pawe\u0142ki 2026\",\"isPartOf\":{\"@id\":\"https:\/\/wyprawa-pawelki.pl\/#website\"},\"primaryImageOfPage\":{\"@id\":\"https:\/\/wyprawa-pawelki.pl\/?page_id=53#primaryimage\"},\"image\":{\"@id\":\"https:\/\/wyprawa-pawelki.pl\/?page_id=53#primaryimage\"},\"thumbnailUrl\":\"https:\/\/wyprawa-pawelki.pl\/wp-content\/uploads\/2026\/03\/IMG_4103.png\",\"datePublished\":\"2026-03-13T13:15:55+00:00\",\"dateModified\":\"2026-03-14T19:47:47+00:00\",\"description\":\"Koszty wyjazdu na Letnia Wypraw\u0119 Ojc\u00f3w i Syn\u00f3w Polski Po\u0142udniowej\",\"breadcrumb\":{\"@id\":\"https:\/\/wyprawa-pawelki.pl\/?page_id=53#breadcrumb\"},\"inLanguage\":\"pl-PL\",\"potentialAction\":[{\"@type\":\"ReadAction\",\"target\":[\"https:\/\/wyprawa-pawelki.pl\/?page_id=53\"]}]},{\"@type\":\"ImageObject\",\"inLanguage\":\"pl-PL\",\"@id\":\"https:\/\/wyprawa-pawelki.pl\/?page_id=53#primaryimage\",\"url\":\"https:\/\/wyprawa-pawelki.pl\/wp-content\/uploads\/2026\/03\/IMG_4103.png\",\"contentUrl\":\"https:\/\/wyprawa-pawelki.pl\/wp-content\/uploads\/2026\/03\/IMG_4103.png\",\"width\":1024,\"height\":1024},{\"@type\":\"BreadcrumbList\",\"@id\":\"https:\/\/wyprawa-pawelki.pl\/?page_id=53#breadcrumb\",\"itemListElement\":[{\"@type\":\"ListItem\",\"position\":1,\"name\":\"Home\",\"item\":\"https:\/\/wyprawa-pawelki.pl\/\"},{\"@type\":\"ListItem\",\"position\":2,\"name\":\"Koszt wyprawy\"}]},{\"@type\":\"WebSite\",\"@id\":\"https:\/\/wyprawa-pawelki.pl\/#website\",\"url\":\"https:\/\/wyprawa-pawelki.pl\/\",\"name\":\"Letnia Wyprawa Ojc\u00f3w i Syn\u00f3w Polski Po\u0142udniowej Pawe\u0142ki 2026\",\"description\":\"Pawe\u0142ki 2026\",\"potentialAction\":[{\"@type\":\"SearchAction\",\"target\":{\"@type\":\"EntryPoint\",\"urlTemplate\":\"https:\/\/wyprawa-pawelki.pl\/?s={search_term_string}\"},\"query-input\":{\"@type\":\"PropertyValueSpecification\",\"valueRequired\":true,\"valueName\":\"search_term_string\"}}],\"inLanguage\":\"pl-PL\"}]}<\/script>\n<!-- \/ Yoast SEO plugin. -->","yoast_head_json":{"title":"Koszt wyprawy - Letnia Wyprawa Ojc\u00f3w i Syn\u00f3w Polski Po\u0142udniowej Pawe\u0142ki 2026","description":"Koszty wyjazdu na Letnia Wypraw\u0119 Ojc\u00f3w i Syn\u00f3w Polski Po\u0142udniowej","robots":{"index":"index","follow":"follow","max-snippet":"max-snippet:-1","max-image-preview":"max-image-preview:large","max-video-preview":"max-video-preview:-1"},"canonical":"https:\/\/wyprawa-pawelki.pl\/?page_id=53","og_locale":"pl_PL","og_type":"article","og_title":"Koszt wyprawy - Letnia Wyprawa Ojc\u00f3w i Syn\u00f3w Polski Po\u0142udniowej Pawe\u0142ki 2026","og_description":"Koszty wyjazdu na Letnia Wypraw\u0119 Ojc\u00f3w i Syn\u00f3w Polski Po\u0142udniowej","og_url":"https:\/\/wyprawa-pawelki.pl\/?page_id=53","og_site_name":"Letnia Wyprawa Ojc\u00f3w i Syn\u00f3w Polski Po\u0142udniowej Pawe\u0142ki 2026","article_modified_time":"2026-03-14T19:47:47+00:00","og_image":[{"width":1024,"height":1024,"url":"https:\/\/wyprawa-pawelki.pl\/wp-content\/uploads\/2026\/03\/IMG_4103.png","type":"image\/png"}],"twitter_card":"summary_large_image","twitter_misc":{"Szacowany czas czytania":"2 minuty"},"schema":{"@context":"https:\/\/schema.org","@graph":[{"@type":"WebPage","@id":"https:\/\/wyprawa-pawelki.pl\/?page_id=53","url":"https:\/\/wyprawa-pawelki.pl\/?page_id=53","name":"Koszt wyprawy - Letnia Wyprawa Ojc\u00f3w i Syn\u00f3w Polski Po\u0142udniowej Pawe\u0142ki 2026","isPartOf":{"@id":"https:\/\/wyprawa-pawelki.pl\/#website"},"primaryImageOfPage":{"@id":"https:\/\/wyprawa-pawelki.pl\/?page_id=53#primaryimage"},"image":{"@id":"https:\/\/wyprawa-pawelki.pl\/?page_id=53#primaryimage"},"thumbnailUrl":"https:\/\/wyprawa-pawelki.pl\/wp-content\/uploads\/2026\/03\/IMG_4103.png","datePublished":"2026-03-13T13:15:55+00:00","dateModified":"2026-03-14T19:47:47+00:00","description":"Koszty wyjazdu na Letnia Wypraw\u0119 Ojc\u00f3w i Syn\u00f3w Polski Po\u0142udniowej","breadcrumb":{"@id":"https:\/\/wyprawa-pawelki.pl\/?page_id=53#breadcrumb"},"inLanguage":"pl-PL","potentialAction":[{"@type":"ReadAction","target":["https:\/\/wyprawa-pawelki.pl\/?page_id=53"]}]},{"@type":"ImageObject","inLanguage":"pl-PL","@id":"https:\/\/wyprawa-pawelki.pl\/?page_id=53#primaryimage","url":"https:\/\/wyprawa-pawelki.pl\/wp-content\/uploads\/2026\/03\/IMG_4103.png","contentUrl":"https:\/\/wyprawa-pawelki.pl\/wp-content\/uploads\/2026\/03\/IMG_4103.png","width":1024,"height":1024},{"@type":"BreadcrumbList","@id":"https:\/\/wyprawa-pawelki.pl\/?page_id=53#breadcrumb","itemListElement":[{"@type":"ListItem","position":1,"name":"Home","item":"https:\/\/wyprawa-pawelki.pl\/"},{"@type":"ListItem","position":2,"name":"Koszt wyprawy"}]},{"@type":"WebSite","@id":"https:\/\/wyprawa-pawelki.pl\/#website","url":"https:\/\/wyprawa-pawelki.pl\/","name":"Letnia Wyprawa Ojc\u00f3w i Syn\u00f3w Polski Po\u0142udniowej Pawe\u0142ki 2026","description":"Pawe\u0142ki 2026","potentialAction":[{"@type":"SearchAction","target":{"@type":"EntryPoint","urlTemplate":"https:\/\/wyprawa-pawelki.pl\/?s={search_term_string}"},"query-input":{"@type":"PropertyValueSpecification","valueRequired":true,"valueName":"search_term_string"}}],"inLanguage":"pl-PL"}]}},"_links":{"self":[{"href":"https:\/\/wyprawa-pawelki.pl\/index.php?rest_route=\/wp\/v2\/pages\/53","targetHints":{"allow":["GET"]}}],"collection":[{"href":"https:\/\/wyprawa-pawelki.pl\/index.php?rest_route=\/wp\/v2\/pages"}],"about":[{"href":"https:\/\/wyprawa-pawelki.pl\/index.php?rest_route=\/wp\/v2\/types\/page"}],"author":[{"embeddable":true,"href":"https:\/\/wyprawa-pawelki.pl\/index.php?rest_route=\/wp\/v2\/users\/1"}],"replies":[{"embeddable":true,"href":"https:\/\/wyprawa-pawelki.pl\/index.php?rest_route=%2Fwp%2Fv2%2Fcomments&post=53"}],"version-history":[{"count":37,"href":"https:\/\/wyprawa-pawelki.pl\/index.php?rest_route=\/wp\/v2\/pages\/53\/revisions"}],"predecessor-version":[{"id":291,"href":"https:\/\/wyprawa-pawelki.pl\/index.php?rest_route=\/wp\/v2\/pages\/53\/revisions\/291"}],"wp:attachment":[{"href":"https:\/\/wyprawa-pawelki.pl\/index.php?rest_route=%2Fwp%2Fv2%2Fmedia&parent=53"}],"curies":[{"name":"wp","href":"https:\/\/api.w.org\/{rel}","templated":true}]}}