{"id":67,"date":"2026-03-13T14:31:45","date_gmt":"2026-03-13T13:31:45","guid":{"rendered":"https:\/\/wyprawa-pawelki.pl\/?page_id=67"},"modified":"2026-03-14T20:51:33","modified_gmt":"2026-03-14T19:51:33","slug":"pawelki-2026","status":"publish","type":"page","link":"https:\/\/wyprawa-pawelki.pl\/","title":{"rendered":"Pawe\u0142ki 2026"},"content":{"rendered":"\n<figure class=\"wp-block-image aligncenter size-full\"><img fetchpriority=\"high\" decoding=\"async\" width=\"1024\" height=\"1024\" src=\"https:\/\/wyprawa-pawelki.pl\/wp-content\/uploads\/2026\/03\/IMG_4103.png\" alt=\"\" class=\"wp-image-198\" srcset=\"https:\/\/wyprawa-pawelki.pl\/wp-content\/uploads\/2026\/03\/IMG_4103.png 1024w, https:\/\/wyprawa-pawelki.pl\/wp-content\/uploads\/2026\/03\/IMG_4103-300x300.png 300w, https:\/\/wyprawa-pawelki.pl\/wp-content\/uploads\/2026\/03\/IMG_4103-150x150.png 150w, https:\/\/wyprawa-pawelki.pl\/wp-content\/uploads\/2026\/03\/IMG_4103-768x768.png 768w\" sizes=\"(max-width: 1024px) 100vw, 1024px\" \/><\/figure>\n\n\n\n<p class=\"is-style-text-display has-text-color has-link-color wp-elements-1411820e0ad9fb1b66d99ecd6bb219fa is-style-text-display--1\" style=\"color:#a46e18\"><strong>Przed nami kolejna edycja wyprawy. To ju\u017c 13 Letnia Wyprawa Ojc\u00f3w z Synami Polski Po\u0142udniowej!<\/strong><\/p>\n\n\n\n<p>\ud83d\udcc5 <strong>TERMIN<\/strong>: Od 13 sierpnia 2026 (czwartek, przyjazd od 16:00) do 16 sierpnia 2026 (niedziela, wyjazd ok. 12:00)<\/p>\n\n\n\n<p>\ud83d\udccd <strong>MIEJSCE<\/strong>: <a href=\"https:\/\/maps.app.goo.gl\/AaSgmKpC6FzP4pkM8\">SCHRONISKO M\u0141ODZIE\u017bOWE \u2018\u2019PAWE\u0141EK\u2019\u2019 w Pawe\u0142kach k\/Lubli\u0144ca<\/a><br><br>\ud83c\udf10 <a href=\"https:\/\/schroniskokochanowice.naszaplacowka.pl\/\">STRONA SCHRONISKA W PAWE\u0141KACH<\/a><br><\/p>\n\n\n\n<p>\ud83d\udc68\u200d\ud83d\udc66\u200d\ud83d\udc66 <strong>DLA KOGO<\/strong>: Dla ojc\u00f3w z synami w wieku 6 \u2013 13 lat<\/p>\n\n\n\n<p><strong>FABU\u0141A<\/strong>: Turniej rycerski \u2694\ufe0f<\/p>\n","protected":false},"excerpt":{"rendered":"<p>Przed nami kolejna edycja wyprawy. To ju\u017c 13 Letnia Wyprawa Ojc\u00f3w z Synami Polski Po\u0142udniowej! \ud83d\udcc5 TERMIN: Od 13 sierpnia 2026 (czwartek, przyjazd od 16:00) do 16 sierpnia 2026 (niedziela, wyjazd ok. 12:00) \ud83d\udccd MIEJSCE: SCHRONISKO M\u0141ODZIE\u017bOWE \u2018\u2019PAWE\u0141EK\u2019\u2019 w Pawe\u0142kach k\/Lubli\u0144ca \ud83c\udf10 STRONA SCHRONISKA W PAWE\u0141KACH \ud83d\udc68\u200d\ud83d\udc66\u200d\ud83d\udc66 DLA KOGO: Dla ojc\u00f3w z synami w wieku [&hellip;]<\/p>\n","protected":false},"author":1,"featured_media":0,"parent":0,"menu_order":0,"comment_status":"closed","ping_status":"closed","template":"","meta":{"footnotes":""},"class_list":["post-67","page","type-page","status-publish","hentry"],"yoast_head":"<!-- This site is optimized with the Yoast SEO plugin v27.1.1 - https:\/\/yoast.com\/product\/yoast-seo-wordpress\/ -->\n<title>Pawe\u0142ki 2026 - Letnia Wyprawa Ojc\u00f3w i Syn\u00f3w Polski Po\u0142udniowej Pawe\u0142ki 2026<\/title>\n<meta name=\"description\" content=\"Letnia Wyprawa Ojc\u00f3w z Synami Polski Po\u0142udniowej. 13-16 sierpnia 2026. Zapisy ju\u017c trwaj\u0105! Wszystkie szczeg\u00f3\u0142y na stronie! Zapraszamy\" \/>\n<meta name=\"robots\" content=\"index, follow, max-snippet:-1, max-image-preview:large, max-video-preview:-1\" \/>\n<link rel=\"canonical\" href=\"https:\/\/wyprawa-pawelki.pl\/\" \/>\n<meta property=\"og:locale\" content=\"pl_PL\" \/>\n<meta property=\"og:type\" content=\"article\" \/>\n<meta property=\"og:title\" content=\"Pawe\u0142ki 2026 - Letnia Wyprawa Ojc\u00f3w i Syn\u00f3w Polski Po\u0142udniowej Pawe\u0142ki 2026\" \/>\n<meta property=\"og:description\" content=\"Letnia Wyprawa Ojc\u00f3w z Synami Polski Po\u0142udniowej. 13-16 sierpnia 2026. Zapisy ju\u017c trwaj\u0105! Wszystkie szczeg\u00f3\u0142y na stronie! Zapraszamy\" \/>\n<meta property=\"og:url\" content=\"https:\/\/wyprawa-pawelki.pl\/\" \/>\n<meta property=\"og:site_name\" content=\"Letnia Wyprawa Ojc\u00f3w i Syn\u00f3w Polski Po\u0142udniowej Pawe\u0142ki 2026\" \/>\n<meta property=\"article:modified_time\" content=\"2026-03-14T19:51:33+00:00\" \/>\n<meta property=\"og:image\" content=\"https:\/\/wyprawa-pawelki.pl\/wp-content\/uploads\/2026\/03\/IMG_4103.png\" \/>\n\t<meta property=\"og:image:width\" content=\"1024\" \/>\n\t<meta property=\"og:image:height\" content=\"1024\" \/>\n\t<meta property=\"og:image:type\" content=\"image\/png\" \/>\n<meta name=\"twitter:card\" content=\"summary_large_image\" \/>\n<meta name=\"twitter:label1\" content=\"Szacowany czas czytania\" \/>\n\t<meta name=\"twitter:data1\" content=\"1 minuta\" \/>\n<script type=\"application\/ld+json\" class=\"yoast-schema-graph\">{\"@context\":\"https:\/\/schema.org\",\"@graph\":[{\"@type\":\"WebPage\",\"@id\":\"https:\/\/wyprawa-pawelki.pl\/\",\"url\":\"https:\/\/wyprawa-pawelki.pl\/\",\"name\":\"Pawe\u0142ki 2026 - Letnia Wyprawa Ojc\u00f3w i Syn\u00f3w Polski Po\u0142udniowej Pawe\u0142ki 2026\",\"isPartOf\":{\"@id\":\"https:\/\/wyprawa-pawelki.pl\/#website\"},\"primaryImageOfPage\":{\"@id\":\"https:\/\/wyprawa-pawelki.pl\/#primaryimage\"},\"image\":{\"@id\":\"https:\/\/wyprawa-pawelki.pl\/#primaryimage\"},\"thumbnailUrl\":\"https:\/\/wyprawa-pawelki.pl\/wp-content\/uploads\/2026\/03\/IMG_4103.png\",\"datePublished\":\"2026-03-13T13:31:45+00:00\",\"dateModified\":\"2026-03-14T19:51:33+00:00\",\"description\":\"Letnia Wyprawa Ojc\u00f3w z Synami Polski Po\u0142udniowej. 13-16 sierpnia 2026. Zapisy ju\u017c trwaj\u0105! Wszystkie szczeg\u00f3\u0142y na stronie! Zapraszamy\",\"breadcrumb\":{\"@id\":\"https:\/\/wyprawa-pawelki.pl\/#breadcrumb\"},\"inLanguage\":\"pl-PL\",\"potentialAction\":[{\"@type\":\"ReadAction\",\"target\":[\"https:\/\/wyprawa-pawelki.pl\/\"]}]},{\"@type\":\"ImageObject\",\"inLanguage\":\"pl-PL\",\"@id\":\"https:\/\/wyprawa-pawelki.pl\/#primaryimage\",\"url\":\"https:\/\/wyprawa-pawelki.pl\/wp-content\/uploads\/2026\/03\/IMG_4103.png\",\"contentUrl\":\"https:\/\/wyprawa-pawelki.pl\/wp-content\/uploads\/2026\/03\/IMG_4103.png\",\"width\":1024,\"height\":1024},{\"@type\":\"BreadcrumbList\",\"@id\":\"https:\/\/wyprawa-pawelki.pl\/#breadcrumb\",\"itemListElement\":[{\"@type\":\"ListItem\",\"position\":1,\"name\":\"Home\",\"item\":\"https:\/\/wyprawa-pawelki.pl\/\"},{\"@type\":\"ListItem\",\"position\":2,\"name\":\"Pawe\u0142ki 2026\"}]},{\"@type\":\"WebSite\",\"@id\":\"https:\/\/wyprawa-pawelki.pl\/#website\",\"url\":\"https:\/\/wyprawa-pawelki.pl\/\",\"name\":\"Letnia Wyprawa Ojc\u00f3w i Syn\u00f3w Polski Po\u0142udniowej Pawe\u0142ki 2026\",\"description\":\"Pawe\u0142ki 2026\",\"potentialAction\":[{\"@type\":\"SearchAction\",\"target\":{\"@type\":\"EntryPoint\",\"urlTemplate\":\"https:\/\/wyprawa-pawelki.pl\/?s={search_term_string}\"},\"query-input\":{\"@type\":\"PropertyValueSpecification\",\"valueRequired\":true,\"valueName\":\"search_term_string\"}}],\"inLanguage\":\"pl-PL\"}]}<\/script>\n<!-- \/ Yoast SEO plugin. -->","yoast_head_json":{"title":"Pawe\u0142ki 2026 - Letnia Wyprawa Ojc\u00f3w i Syn\u00f3w Polski Po\u0142udniowej Pawe\u0142ki 2026","description":"Letnia Wyprawa Ojc\u00f3w z Synami Polski Po\u0142udniowej. 13-16 sierpnia 2026. Zapisy ju\u017c trwaj\u0105! Wszystkie szczeg\u00f3\u0142y na stronie! Zapraszamy","robots":{"index":"index","follow":"follow","max-snippet":"max-snippet:-1","max-image-preview":"max-image-preview:large","max-video-preview":"max-video-preview:-1"},"canonical":"https:\/\/wyprawa-pawelki.pl\/","og_locale":"pl_PL","og_type":"article","og_title":"Pawe\u0142ki 2026 - Letnia Wyprawa Ojc\u00f3w i Syn\u00f3w Polski Po\u0142udniowej Pawe\u0142ki 2026","og_description":"Letnia Wyprawa Ojc\u00f3w z Synami Polski Po\u0142udniowej. 13-16 sierpnia 2026. Zapisy ju\u017c trwaj\u0105! Wszystkie szczeg\u00f3\u0142y na stronie! Zapraszamy","og_url":"https:\/\/wyprawa-pawelki.pl\/","og_site_name":"Letnia Wyprawa Ojc\u00f3w i Syn\u00f3w Polski Po\u0142udniowej Pawe\u0142ki 2026","article_modified_time":"2026-03-14T19:51:33+00:00","og_image":[{"width":1024,"height":1024,"url":"https:\/\/wyprawa-pawelki.pl\/wp-content\/uploads\/2026\/03\/IMG_4103.png","type":"image\/png"}],"twitter_card":"summary_large_image","twitter_misc":{"Szacowany czas czytania":"1 minuta"},"schema":{"@context":"https:\/\/schema.org","@graph":[{"@type":"WebPage","@id":"https:\/\/wyprawa-pawelki.pl\/","url":"https:\/\/wyprawa-pawelki.pl\/","name":"Pawe\u0142ki 2026 - Letnia Wyprawa Ojc\u00f3w i Syn\u00f3w Polski Po\u0142udniowej Pawe\u0142ki 2026","isPartOf":{"@id":"https:\/\/wyprawa-pawelki.pl\/#website"},"primaryImageOfPage":{"@id":"https:\/\/wyprawa-pawelki.pl\/#primaryimage"},"image":{"@id":"https:\/\/wyprawa-pawelki.pl\/#primaryimage"},"thumbnailUrl":"https:\/\/wyprawa-pawelki.pl\/wp-content\/uploads\/2026\/03\/IMG_4103.png","datePublished":"2026-03-13T13:31:45+00:00","dateModified":"2026-03-14T19:51:33+00:00","description":"Letnia Wyprawa Ojc\u00f3w z Synami Polski Po\u0142udniowej. 13-16 sierpnia 2026. Zapisy ju\u017c trwaj\u0105! Wszystkie szczeg\u00f3\u0142y na stronie! Zapraszamy","breadcrumb":{"@id":"https:\/\/wyprawa-pawelki.pl\/#breadcrumb"},"inLanguage":"pl-PL","potentialAction":[{"@type":"ReadAction","target":["https:\/\/wyprawa-pawelki.pl\/"]}]},{"@type":"ImageObject","inLanguage":"pl-PL","@id":"https:\/\/wyprawa-pawelki.pl\/#primaryimage","url":"https:\/\/wyprawa-pawelki.pl\/wp-content\/uploads\/2026\/03\/IMG_4103.png","contentUrl":"https:\/\/wyprawa-pawelki.pl\/wp-content\/uploads\/2026\/03\/IMG_4103.png","width":1024,"height":1024},{"@type":"BreadcrumbList","@id":"https:\/\/wyprawa-pawelki.pl\/#breadcrumb","itemListElement":[{"@type":"ListItem","position":1,"name":"Home","item":"https:\/\/wyprawa-pawelki.pl\/"},{"@type":"ListItem","position":2,"name":"Pawe\u0142ki 2026"}]},{"@type":"WebSite","@id":"https:\/\/wyprawa-pawelki.pl\/#website","url":"https:\/\/wyprawa-pawelki.pl\/","name":"Letnia Wyprawa Ojc\u00f3w i Syn\u00f3w Polski Po\u0142udniowej Pawe\u0142ki 2026","description":"Pawe\u0142ki 2026","potentialAction":[{"@type":"SearchAction","target":{"@type":"EntryPoint","urlTemplate":"https:\/\/wyprawa-pawelki.pl\/?s={search_term_string}"},"query-input":{"@type":"PropertyValueSpecification","valueRequired":true,"valueName":"search_term_string"}}],"inLanguage":"pl-PL"}]}},"_links":{"self":[{"href":"https:\/\/wyprawa-pawelki.pl\/index.php?rest_route=\/wp\/v2\/pages\/67","targetHints":{"allow":["GET"]}}],"collection":[{"href":"https:\/\/wyprawa-pawelki.pl\/index.php?rest_route=\/wp\/v2\/pages"}],"about":[{"href":"https:\/\/wyprawa-pawelki.pl\/index.php?rest_route=\/wp\/v2\/types\/page"}],"author":[{"embeddable":true,"href":"https:\/\/wyprawa-pawelki.pl\/index.php?rest_route=\/wp\/v2\/users\/1"}],"replies":[{"embeddable":true,"href":"https:\/\/wyprawa-pawelki.pl\/index.php?rest_route=%2Fwp%2Fv2%2Fcomments&post=67"}],"version-history":[{"count":40,"href":"https:\/\/wyprawa-pawelki.pl\/index.php?rest_route=\/wp\/v2\/pages\/67\/revisions"}],"predecessor-version":[{"id":292,"href":"https:\/\/wyprawa-pawelki.pl\/index.php?rest_route=\/wp\/v2\/pages\/67\/revisions\/292"}],"wp:attachment":[{"href":"https:\/\/wyprawa-pawelki.pl\/index.php?rest_route=%2Fwp%2Fv2%2Fmedia&parent=67"}],"curies":[{"name":"wp","href":"https:\/\/api.w.org\/{rel}","templated":true}]}}